{"id":14,"date":"2012-10-28T19:55:34","date_gmt":"2012-10-28T19:55:34","guid":{"rendered":"http:\/\/www.davidlehmann.org\/adlehmann\/?page_id=14"},"modified":"2020-07-31T00:22:21","modified_gmt":"2020-07-30T23:22:21","slug":"reviews","status":"publish","type":"page","link":"http:\/\/www.davidlehmann.org\/adlehmann\/reviews\/","title":{"rendered":"Reviews"},"content":{"rendered":"<p><a href=\"http:\/\/www.davidlehmann.org\/adlehmann\/wp-content\/uploads\/2020\/07\/A-psychiatrist-appraises-Pentecostal-addiction-recover-Helena-Hansens-Addicted-to-Christ.pdf\">Helena Hansen&#8217;s &#8216;Addicted to Christ&#8217;<\/a><\/p>\n<p><a href=\"http:\/\/www.davidlehmann.org\/adlehmann\/wp-content\/uploads\/2020\/07\/Howard-Winant-review-AJS.pdf\">Howard Winant review (AJS)<\/a><a \n\nhref=\"http:\/\/www.davidlehmann.org\/adlehmann\/wp-content\/uploads\/2020\/07\/Dani\u00e8le-Hervieu-L\u00e9gers-Le-Temps-des-Moines-2017.pdf\">Dani\u00e8le Hervieu-L\u00e9ger&#8217;s &#8216;Le Temps des Moines&#8217; (2017)<\/a><a \n\nhref=\"http:\/\/www.davidlehmann.org\/adlehmann\/wp-content\/uploads\/2020\/07\/\n\nHunted-a-troubling-and-slightly-sensationalist-account-of-evangelicals-and-addiction-recovery-in-Guatemala-by-Kevin-ONeill.pdf\">&#8216;Hunted&#8217; &#8211; by Kevin O&#8217;Neill<\/a>&nbsp;<\/p>\n<p><a href=\"http:\/\/www.davidlehmann.org\/htmls\/allpub.html\">\u00a0<\/a><\/p>\n<p><a href=\"http:\/\/www.davidlehmann.org\/adlehmann\/wp-content\/uploads\/2012\/10\/The-Gatekeepers.pdf\">The Gatekeepers<\/a><\/p>\n<p>Marta Topel:\u00a0<a href=\"http:\/\/www.davidlehmann.org\/adlehmann\/wp-content\/uploads\/2013\/07\/Marta-Topel-.docx\">Jewish Orthodoxy and its Discontents: Religious Dissidence in Contemporary Israel <\/a><\/p>\n<p><a href=\"http:\/\/www.davidlehmann.org\/adlehmann\/wp-content\/uploads\/2013\/07\/Santa-Muerte-Chesnut.docx\">Andrew Chesnut: Devoted to death: Santa Muerte<\/a><a href=\"http:\/\/www.davidlehmann.org\/adlehmann\/wp-content\/uploads\/2012\/12\/1354370195_PdfDwg-S.png\"><img loading=\"lazy\" title=\"1354370195_PdfDwg S\" alt=\"\" src=\"http:\/\/www.davidlehmann.org\/adlehmann\/wp-content\/uploads\/2012\/12\/1354370195_PdfDwg-S.png\" width=\"30\" height=\"30\" \/><\/a><\/p>\n<p><a href=\"http:\/\/www.davidlehmann.org\/david-docs-pdf\/Reviews\/Marta_Topel.pdf\">Marta Topel: Jerusalem and S\u00e3o Paulo: the new Jewish orthodoxy in focus.<\/a><\/p>\n<p><a href=\"http:\/\/www.davidlehmann.org\/adlehmann\/wp-content\/uploads\/2012\/12\/1354370195_PdfDwg-S.png\"><img loading=\"lazy\" title=\"1354370195_PdfDwg S\" alt=\"\" src=\"http:\/\/www.davidlehmann.org\/adlehmann\/wp-content\/uploads\/2012\/12\/1354370195_PdfDwg-S.png\" width=\"30\" height=\"30\" \/><\/a><a href=\"http:\/\/www.davidlehmann.org\/david-docs-pdf\/Reviews\/Padre%20Pio%20final.pdf\">Sergio Luzzatto: Padre Pio. Miracoli e politica nell&#8217;Italia del Novecento.<\/a><\/p>\n<p><a href=\"http:\/\/www.davidlehmann.org\/adlehmann\/wp-content\/uploads\/2012\/12\/1354370195_PdfDwg-S.png\"><img loading=\"lazy\" title=\"1354370195_PdfDwg S\" alt=\"\" src=\"http:\/\/www.davidlehmann.org\/adlehmann\/wp-content\/uploads\/2012\/12\/1354370195_PdfDwg-S.png\" width=\"30\" height=\"30\" \/><\/a><a href=\"http:\/\/www.davidlehmann.org\/david-docs-pdf\/Reviews\/Suite-Francaise.pdf\" target=\"_blank\">Ir\u00e8ne N\u00e9mirovsky:Review of &#8216;Suite Fran\u00e7aise&#8217;.pdf<br \/>\n<em>Jewish Quarterly.<\/em><\/a><\/p>\n<p><a href=\"http:\/\/www.davidlehmann.org\/adlehmann\/wp-content\/uploads\/2012\/12\/1354370195_PdfDwg-S.png\"><img loading=\"lazy\" title=\"1354370195_PdfDwg S\" alt=\"\" src=\"http:\/\/www.davidlehmann.org\/adlehmann\/wp-content\/uploads\/2012\/12\/1354370195_PdfDwg-S.png\" width=\"30\" height=\"30\" \/><\/a><a href=\"http:\/\/www.davidlehmann.org\/david-docs-pdf\/Reviews\/Mark%20Mazower-Salonica%20City%20of%20Ghost.pdf\" target=\"_blank\">Mark Mazower: Salonica City of Ghosts.pdf<\/a><br \/>\n<a href=\"http:\/\/www.davidlehmann.org\/david-docs-pdf\/Reviews\/Mark%20Mazower-Salonica%20City%20of%20Ghost.pdf\" target=\"_blank\">Times Higher Education Supplement, 5 August 2005.<\/a><\/p>\n<p><a href=\"http:\/\/www.davidlehmann.org\/adlehmann\/wp-content\/uploads\/2012\/12\/1354370195_PdfDwg-S.png\"><img loading=\"lazy\" title=\"1354370195_PdfDwg S\" alt=\"\" src=\"http:\/\/www.davidlehmann.org\/adlehmann\/wp-content\/uploads\/2012\/12\/1354370195_PdfDwg-S.png\" width=\"30\" height=\"30\" \/><\/a><a href=\"http:\/\/www.davidlehmann.org\/david-docs-pdf\/Reviews\/Pinochet%20in%20Piccadilly-Beckett%20.pdf\" target=\"_blank\">Andy Beckett: Pinochet in Piccadilly.pdf<\/a><br \/>\n<a href=\"http:\/\/www.davidlehmann.org\/david-docs-pdf\/Reviews\/Pinochet%20in%20Piccadilly-Beckett%20.pdf\" target=\"_blank\">The Times Literary Supplement, April 2002.<\/a><\/p>\n<p><a href=\"http:\/\/www.davidlehmann.org\/adlehmann\/wp-content\/uploads\/2012\/12\/1354370195_PdfDwg-S.png\"><img loading=\"lazy\" title=\"1354370195_PdfDwg S\" alt=\"\" src=\"http:\/\/www.davidlehmann.org\/adlehmann\/wp-content\/uploads\/2012\/12\/1354370195_PdfDwg-S.png\" width=\"30\" height=\"30\" \/><\/a><a href=\"http:\/\/www.davidlehmann.org\/david-docs-pdf\/Reviews\/Guillermo%20O%E2%80%99Donnell-Counterpoints.pdf\" target=\"_blank\">Mr. Bountiful Takes Charge.pdf<br \/>\n<em>Review of Guillermo O&#8217;Donnell, The Times Literary Supplement, April 2000.<\/em><\/a><\/p>\n<div><\/div>\n","protected":false},"excerpt":{"rendered":"<p>Helena Hansen&#8217;s &#8216;Addicted to Christ&#8217; Howard Winant review (AJS)Dani\u00e8le Hervieu-L\u00e9ger&#8217;s &#8216;Le Temps des Moines&#8217; (2017)&#8216;Hunted&#8217; &#8211; by Kevin O&#8217;Neill&nbsp; \u00a0 The Gatekeepers Marta Topel:\u00a0Jewish Orthodoxy and its Discontents: Religious Dissidence in Contemporary Israel Andrew Chesnut: Devoted to death: Santa Muerte Marta Topel: Jerusalem and S\u00e3o Paulo: the new Jewish orthodoxy in focus. Sergio Luzzatto: Padre [&hellip;]<\/p>\n","protected":false},"author":1,"featured_media":0,"parent":0,"menu_order":0,"comment_status":"open","ping_status":"open","template":"","meta":[],"_links":{"self":[{"href":"http:\/\/www.davidlehmann.org\/adlehmann\/wp-json\/wp\/v2\/pages\/14"}],"collection":[{"href":"http:\/\/www.davidlehmann.org\/adlehmann\/wp-json\/wp\/v2\/pages"}],"about":[{"href":"http:\/\/www.davidlehmann.org\/adlehmann\/wp-json\/wp\/v2\/types\/page"}],"author":[{"embeddable":true,"href":"http:\/\/www.davidlehmann.org\/adlehmann\/wp-json\/wp\/v2\/users\/1"}],"replies":[{"embeddable":true,"href":"http:\/\/www.davidlehmann.org\/adlehmann\/wp-json\/wp\/v2\/comments?post=14"}],"version-history":[{"count":11,"href":"http:\/\/www.davidlehmann.org\/adlehmann\/wp-json\/wp\/v2\/pages\/14\/revisions"}],"predecessor-version":[{"id":588,"href":"http:\/\/www.davidlehmann.org\/adlehmann\/wp-json\/wp\/v2\/pages\/14\/revisions\/588"}],"wp:attachment":[{"href":"http:\/\/www.davidlehmann.org\/adlehmann\/wp-json\/wp\/v2\/media?parent=14"}],"curies":[{"name":"wp","href":"https:\/\/api.w.org\/{rel}","templated":true}]}}