{"id":12,"date":"2012-10-28T19:55:10","date_gmt":"2012-10-28T19:55:10","guid":{"rendered":"http:\/\/www.davidlehmann.org\/adlehmann\/?page_id=12"},"modified":"2020-07-27T19:52:16","modified_gmt":"2020-07-27T18:52:16","slug":"published-papers","status":"publish","type":"page","link":"http:\/\/www.davidlehmann.org\/adlehmann\/published-papers\/","title":{"rendered":"Published Papers"},"content":{"rendered":"<p>In an interview with one of the most versatile of Latin Americanists, Luis Roniger of Wake Forest University,\u00a0David discusses multiculturalism and interculturalidad, and the questions of commitment and authenticity which arise in research and writing about these subjects.<\/p>\n<p>(from the Mid-Atlantic review of Latin American Studies &#8211; MARLAS) <a href=\"http:\/\/www.davidlehmann.org\/adlehmann\/wp-content\/uploads\/2017\/11\/David-Lehmann-interview-on-Multiculturalism.pdf\">David Lehmann interview on Multiculturalism<\/a><\/p>\n<p>&nbsp;<\/p>\n<p>Click on titles to get a full pdf copy :<br \/>\n<a href=\"http:\/\/www.adobe.com\/products\/acrobat\/readstep2.html\" target=\"_blank\" rel=\"noopener\">Need Acrobat Reader? click here to download<\/a><\/p>\n<hr \/>\n<p><a href=\"http:\/\/www.davidlehmann.org\/adlehmann\/wp-content\/uploads\/2020\/07\/A-Poli%CC%81tica-do-Reconhecimento-Teoria-e-Pra%CC%81tica.pdf\"><img loading=\"lazy\" title=\"1354370195_PdfDwg S\" src=\"http:\/\/www.davidlehmann.org\/adlehmann\/wp-content\/uploads\/2012\/12\/1354370195_PdfDwg-S.png\" alt=\"\" width=\"30\" height=\"30\" \/><\/a><a href=\"http:\/\/www.davidlehmann.org\/adlehmann\/wp-content\/uploads\/2020\/07\/A-Poli\u0301tica-do-Reconhecimento-Teoria-e-Pra\u0301tica.pdf\" target=\"_blank\" rel=\"noopener\">A Poli\u0301tica do Reconhecimento &#8211; Teor\u00eda e Pr\u00e1tica<\/a><\/p>\n<p><a href=\"http:\/\/www.davidlehmann.org\/adlehmann\/wp-content\/uploads\/2020\/07\/Academic-Celebrity-1.pdf\" target=\"_blank\" rel=\"noopener\"><img loading=\"lazy\" title=\"1354370195_PdfDwg S\" src=\"http:\/\/www.davidlehmann.org\/adlehmann\/wp-content\/uploads\/2012\/12\/1354370195_PdfDwg-S.png\" alt=\"\" width=\"30\" height=\"30\" \/><\/a><a href=\"http:\/\/www.davidlehmann.org\/adlehmann\/wp-content\/uploads\/2020\/07\/Academic-Celebrity-1.pdf\" target=\"_blank\" rel=\"noopener\">Academic Celebrity<\/a><\/p>\n<p><a href=\"http:\/\/www.davidlehmann.org\/adlehmann\/wp-content\/uploads\/2020\/07\/Cardoso-from-dependency-to-democracy.pdf\" target=\"_blank\" rel=\"noopener\"><img loading=\"lazy\" title=\"1354370195_PdfDwg S\" src=\"http:\/\/www.davidlehmann.org\/adlehmann\/wp-content\/uploads\/2012\/12\/1354370195_PdfDwg-S.png\" alt=\"\" width=\"30\" height=\"30\" \/><\/a><a href=\"http:\/\/www.davidlehmann.org\/adlehmann\/wp-content\/uploads\/2020\/07\/Cardoso-from-dependency-to-democracy.pdf\" target=\"_blank\" rel=\"noopener\">Cardoso &#8211; From Dependency to Democracy<\/a><\/p>\n<p><a href=\"http:\/\/www.davidlehmann.org\/adlehmann\/wp-content\/uploads\/2020\/07\/Charisma-ans-Possession.pdf\" target=\"_blank\" rel=\"noopener\"><img loading=\"lazy\" title=\"1354370195_PdfDwg S\" src=\"http:\/\/www.davidlehmann.org\/adlehmann\/wp-content\/uploads\/2012\/12\/1354370195_PdfDwg-S.png\" alt=\"\" width=\"30\" height=\"30\" \/><\/a><a href=\"http:\/\/www.davidlehmann.org\/adlehmann\/wp-content\/uploads\/2020\/07\/Charisma-ans-Possession.pdf\" target=\"_blank\" rel=\"noopener\">Charisma and Possession in Africa and Brazil<\/a><\/p>\n<p><a href=\"http:\/\/www.davidlehmann.org\/adlehmann\/wp-content\/uploads\/2020\/07\/Cognitive-Approach-to-the-Study-of-Religion.pdf\" target=\"_blank\" rel=\"noopener\"><img loading=\"lazy\" title=\"1354370195_PdfDwg S\" src=\"http:\/\/www.davidlehmann.org\/adlehmann\/wp-content\/uploads\/2012\/12\/1354370195_PdfDwg-S.png\" alt=\"\" width=\"30\" height=\"30\" \/>Cognitive Approach to Undersstanding Religion<\/a><\/p>\n<p><a href=\"http:\/\/www.davidlehmann.org\/adlehmann\/wp-content\/uploads\/2020\/07\/Esperanc\u0327a-e-Religia\u0303o.pdf\" target=\"_blank\" rel=\"noopener\"><img loading=\"lazy\" title=\"1354370195_PdfDwg S\" src=\"http:\/\/www.davidlehmann.org\/adlehmann\/wp-content\/uploads\/2012\/12\/1354370195_PdfDwg-S.png\" alt=\"\" width=\"30\" height=\"30\" \/>Esperan\u00e7a e Relig\u00e3o<\/a><\/p>\n<p><a href=\"http:\/\/www.davidlehmann.org\/adlehmann\/wp-content\/uploads\/2020\/07\/Guillermo-ODonnell-review-article.pdf\" target=\"_blank\" rel=\"noopener\"><img loading=\"lazy\" title=\"1354370195_PdfDwg S\" src=\"http:\/\/www.davidlehmann.org\/adlehmann\/wp-content\/uploads\/2012\/12\/1354370195_PdfDwg-S.png\" alt=\"\" width=\"30\" height=\"30\" \/>A Latin American Political Scientist: Guillermo O&#8217;Donnell<\/a><\/p>\n<p class=\"p3\"><a href=\"http:\/\/www.davidlehmann.org\/adlehmann\/wp-content\/uploads\/2020\/07\/Identity-Social-Justice-and-Corporatism.pdf\" target=\"_blank\" rel=\"noopener\"><img loading=\"lazy\" title=\"1354370195_PdfDwg S\" src=\"http:\/\/www.davidlehmann.org\/adlehmann\/wp-content\/uploads\/2012\/12\/1354370195_PdfDwg-S.png\" alt=\"\" width=\"30\" height=\"30\" \/>Identity, Social Justice and Corporatism: The Resilience of Republican Citizenship<\/a><\/p>\n<p><a href=\"http:\/\/www.davidlehmann.org\/adlehmann\/wp-content\/uploads\/2020\/07\/Intercultural-Universities-in-Mexico.pdf\" target=\"_blank\" rel=\"noopener\"><img loading=\"lazy\" title=\"1354370195_PdfDwg S\" src=\"http:\/\/www.davidlehmann.org\/adlehmann\/wp-content\/uploads\/2012\/12\/1354370195_PdfDwg-S.png\" alt=\"\" width=\"30\" height=\"30\" \/>Intercultural Universities in Mexico: Identity and Inclusion<\/a><\/p>\n<p><a href=\"http:\/\/www.davidlehmann.org\/adlehmann\/wp-content\/uploads\/2020\/07\/Rational-Choice-approach-to-Religion.pdf\" target=\"_blank\" rel=\"noopener\"><img loading=\"lazy\" title=\"1354370195_PdfDwg S\" src=\"http:\/\/www.davidlehmann.org\/adlehmann\/wp-content\/uploads\/2012\/12\/1354370195_PdfDwg-S.png\" alt=\"\" width=\"30\" height=\"30\" \/>An Idea, a Tribe, and Their Critics: Rational Choice and the Sociology of Religion<\/a><\/p>\n<p><a href=\"http:\/\/www.davidlehmann.org\/adlehmann\/wp-content\/uploads\/2020\/07\/Religion-and-Globalization.pdf\" target=\"_blank\" rel=\"noopener\"><img loading=\"lazy\" title=\"1354370195_PdfDwg S\" src=\"http:\/\/www.davidlehmann.org\/adlehmann\/wp-content\/uploads\/2012\/12\/1354370195_PdfDwg-S.png\" alt=\"\" width=\"30\" height=\"30\" \/>Religion and Globalization: A Comparative and Historical Perspective<\/a><\/p>\n<p><a href=\"http:\/\/www.davidlehmann.org\/adlehmann\/wp-content\/uploads\/2020\/07\/Religious-Field-in-Latin-America.pdf\" target=\"_blank\" rel=\"noopener\"><img loading=\"lazy\" title=\"1354370195_PdfDwg S\" src=\"http:\/\/www.davidlehmann.org\/adlehmann\/wp-content\/uploads\/2012\/12\/1354370195_PdfDwg-S.png\" alt=\"\" width=\"30\" height=\"30\" \/>The Religious Field in Latin America: Autonomy and Fragmentation<\/a><\/p>\n<p><a href=\"http:\/\/www.davidlehmann.org\/adlehmann\/wp-content\/uploads\/2020\/07\/Remaking-Israeli-Judaism-2006.pdf\" target=\"_blank\" rel=\"noopener\"><img loading=\"lazy\" title=\"1354370195_PdfDwg S\" src=\"http:\/\/www.davidlehmann.org\/adlehmann\/wp-content\/uploads\/2012\/12\/1354370195_PdfDwg-S.png\" alt=\"\" width=\"30\" height=\"30\" \/>Remaking Israel Judaism<\/a><\/p>\n<p><a href=\"http:\/\/www.davidlehmann.org\/adlehmann\/wp-content\/uploads\/2020\/07\/Sharecropping-in-Ecuador.pdf\" target=\"_blank\" rel=\"noopener\"><img loading=\"lazy\" title=\"1354370195_PdfDwg S\" src=\"http:\/\/www.davidlehmann.org\/adlehmann\/wp-content\/uploads\/2012\/12\/1354370195_PdfDwg-S.png\" alt=\"\" width=\"30\" height=\"30\" \/>Sharecropping and the Capitalist Transition in\u00a0 Agriculture<\/a><\/p>\n<p><a href=\"http:\/\/www.davidlehmann.org\/adlehmann\/wp-content\/uploads\/2020\/07\/Charisma-ans-Possession.pdf\" target=\"_blank\" rel=\"noopener\"><img loading=\"lazy\" title=\"1354370195_PdfDwg S\" src=\"http:\/\/www.davidlehmann.org\/adlehmann\/wp-content\/uploads\/2012\/12\/1354370195_PdfDwg-S.png\" alt=\"\" width=\"30\" height=\"30\" \/>Religion as Heritage, Religion as Belief: Shifting Frontiers of Secularism in Europe, the USA and Brazil<\/a><\/p>\n<p><a href=\"http:\/\/www.davidlehmann.org\/adlehmann\/wp-content\/uploads\/2020\/07\/Something-is-happening-.pdf\" target=\"_blank\" rel=\"noopener\"><img loading=\"lazy\" title=\"1354370195_PdfDwg S\" src=\"http:\/\/www.davidlehmann.org\/adlehmann\/wp-content\/uploads\/2012\/12\/1354370195_PdfDwg-S.png\" alt=\"\" width=\"30\" height=\"30\" \/>Something is Happening<\/a><\/p>\n<p><a href=\"http:\/\/www.davidlehmann.org\/adlehmann\/wp-content\/uploads\/2020\/07\/Two-paths-of-agrarian-capitalism.pdf\" target=\"_blank\" rel=\"noopener\"><img loading=\"lazy\" title=\"1354370195_PdfDwg S\" src=\"http:\/\/www.davidlehmann.org\/adlehmann\/wp-content\/uploads\/2012\/12\/1354370195_PdfDwg-S.png\" alt=\"\" width=\"30\" height=\"30\" \/>Two Paths of Agrarian Capitalism, or a Critique of Chayanovian Marxism<\/a><\/p>\n<p><a href=\"http:\/\/www.davidlehmann.org\/adlehmann\/wp-content\/uploads\/2020\/07\/Universidades-Interculturales-en-Me\u0301xico.pdf\" target=\"_blank\" rel=\"noopener\"><img loading=\"lazy\" title=\"1354370195_PdfDwg S\" src=\"http:\/\/www.davidlehmann.org\/adlehmann\/wp-content\/uploads\/2012\/12\/1354370195_PdfDwg-S.png\" alt=\"\" width=\"30\" height=\"30\" \/>Convergencias y Divergencias en la Educaci\u00f3n Superion Intercultural en M\u00e9xico<\/a><\/p>\n<p>&nbsp;<\/p>\n<hr \/>\n<p>&nbsp;<\/p>\n<p><a href=\"http:\/\/www.davidlehmann.org\/adlehmann\/wp-content\/uploads\/2012\/10\/Intercultural-Universities-July-2013.pdf\"><img loading=\"lazy\" title=\"1354370195_PdfDwg S\" src=\"http:\/\/www.davidlehmann.org\/adlehmann\/wp-content\/uploads\/2012\/12\/1354370195_PdfDwg-S.png\" alt=\"\" width=\"30\" height=\"30\" \/><\/a><a href=\"http:\/\/www.davidlehmann.org\/adlehmann\/wp-content\/uploads\/2012\/10\/Intercultural-Universities-July-2013.pdf\" target=\"_blank\" rel=\"noopener\">Intercultural Universities in Mexico: Identity and Innovation<\/a><\/p>\n<p><a href=\"http:\/\/www.davidlehmann.org\/adlehmann\/wp-content\/uploads\/2012\/10\/Shifting-frontiers-July-3rd-2013.pdf\" target=\"_blank\" rel=\"noopener\">Shifting-frontiers of Secularism: Europe, Brazil and the USA<\/a><\/p>\n<p><a href=\"http:\/\/www.davidlehmann.org\/adlehmann\/wp-content\/uploads\/2012\/10\/DL-Dilemas-de-las-Universidades-Interculturales-en-M\u00e9xico.pdf\" target=\"_blank\" rel=\"noopener\">Dilemas de las Universidades Interculturales en M\u00e9xico<\/a><\/p>\n<p><a href=\"http:\/\/www.davidlehmann.org\/david-docs-pdf\/Pub-pap\/Shiddouch%20paper%20as%20published.pdf\"><img loading=\"lazy\" title=\"1354370195_PdfDwg S\" src=\"http:\/\/www.davidlehmann.org\/adlehmann\/wp-content\/uploads\/2012\/12\/1354370195_PdfDwg-S.png\" alt=\"\" width=\"30\" height=\"30\" \/><\/a><a href=\"http:\/\/www.davidlehmann.org\/david-docs-pdf\/Pub-pap\/Shiddouch%20paper%20as%20published.pdf\" target=\"_blank\" rel=\"noopener\">A model of Jewish marriage<\/a><\/p>\n<p><a href=\"http:\/\/www.davidlehmann.org\/david-docs-pdf\/Pub-pap\/Self-exclusion-as-strategy-of-inclusion.pdf\" target=\"_blank\" rel=\"noopener\">(with Batia Siebzehner) Self-exclusion as a strategy of inclusion: the case of Shas, Citizenship Studies, Vol. 12, No. 3, June2008, 233\u2013247<\/a><\/p>\n<p><a href=\"http:\/\/www.davidlehmann.org\/david-docs-pdf\/Pub-pap\/Gilberto-Freyre-ReassessmentContinues.pdf\"><img loading=\"lazy\" title=\"1354370195_PdfDwg S\" src=\"http:\/\/www.davidlehmann.org\/adlehmann\/wp-content\/uploads\/2012\/12\/1354370195_PdfDwg-S.png\" alt=\"\" width=\"30\" height=\"30\" \/><\/a><a href=\"http:\/\/www.davidlehmann.org\/david-docs-pdf\/Pub-pap\/Gilberto-Freyre-ReassessmentContinues.pdf\" target=\"_blank\" rel=\"noopener\">Gilberto Freyre: The Reassessment Continues,<em><br \/>\nLatin American Research Review<\/em>, 43,1, 2008.pdf<\/a><\/p>\n<p><a href=\"http:\/\/www.davidlehmann.org\/david-docs-pdf\/Pub-pap\/cogn-approach.pdf\"><img loading=\"lazy\" title=\"1354370195_PdfDwg S\" src=\"http:\/\/www.davidlehmann.org\/adlehmann\/wp-content\/uploads\/2012\/12\/1354370195_PdfDwg-S.png\" alt=\"\" width=\"30\" height=\"30\" \/><\/a><a href=\"http:\/\/www.davidlehmann.org\/david-docs-pdf\/Pub-pap\/cogn-approach.pdf\" target=\"_blank\" rel=\"noopener\">The Cognitive Approach to Understanding Religion:<span style=\"text-decoration: underline;\"><em>Archives des Sciences Sociales des Religions, 2005<\/em><\/span><\/a><\/p>\n<p><a href=\"http:\/\/www.oup.com\/us\/catalog\/general\/subject\/ReligionTheology\/Judaism\/?view=usa&amp;ci=9780195306934\"><img loading=\"lazy\" class=\"alignleft wp-image-54\" title=\"1354370403_GoogleEarth S\" src=\"http:\/\/www.davidlehmann.org\/adlehmann\/wp-content\/uploads\/2012\/12\/1354370403_GoogleEarth-S.png\" alt=\"\" width=\"30\" height=\"30\" \/><\/a><a href=\"http:\/\/www.oup.com\/us\/catalog\/general\/subject\/ReligionTheology\/Judaism\/?view=usa&amp;ci=9780195306934\" target=\"_blank\" rel=\"noopener\">Oxford University Press (USA)<br \/>\nRemaking of Israeli Judaism: the challenge of Shas, by David Lehmann and Batia Siebzehner.<\/a><\/p>\n<p><a href=\"http:\/\/www.davidlehmann.org\/david-docs-pdf\/Pub-pap\/Lehmann&amp;CraskeFinal.pdf\"><img loading=\"lazy\" title=\"1354370195_PdfDwg S\" src=\"http:\/\/www.davidlehmann.org\/adlehmann\/wp-content\/uploads\/2012\/12\/1354370195_PdfDwg-S.png\" alt=\"\" width=\"30\" height=\"30\" \/><\/a><a href=\"http:\/\/www.davidlehmann.org\/david-docs-pdf\/Pub-pap\/Lehmann&amp;CraskeFinal.pdf\" target=\"_blank\" rel=\"noopener\">50 years of research in Latin American Studies in the United Kingdom,\u00a0<em>European Review of Latin American and Caribbean Studies, 2002.(written with Nikki Craske)<\/em><\/a><\/p>\n<p><a href=\"http:\/\/www.davidlehmann.org\/david-docs-pdf\/Pub-pap\/lehmann%20and%20birman.pdf\" target=\"_blank\" rel=\"noopener\"><em>(with Patricia Birman)<\/em>\u00a0Religion and the media in a battle for ideological hegemony: the Universal Church of the Kingdom of God and TV Globo in Brazil<em>, Bulletin of Latin American Research, 18,2, 1999.<\/em><\/a><\/p>\n<p><a href=\"http:\/\/www.davidlehmann.org\/david-docs-pdf\/Pub-pap\/Charisma%20and%20Possession%20in%20Africa%20and%20Brazil.pdf\"><img loading=\"lazy\" title=\"1354370195_PdfDwg S\" src=\"http:\/\/www.davidlehmann.org\/adlehmann\/wp-content\/uploads\/2012\/12\/1354370195_PdfDwg-S.png\" alt=\"\" width=\"30\" height=\"30\" \/><\/a><a href=\"http:\/\/www.davidlehmann.org\/david-docs-pdf\/Pub-pap\/Charisma%20and%20Possession%20in%20Africa%20and%20Brazil.pdf\" target=\"_blank\" rel=\"noopener\">Charisma and Possesion in Africa and Brazil.pdf<br \/>\n<em>Theory, Culture and Society, 2001.<\/em><\/a><\/p>\n<p><a href=\"http:\/\/www.davidlehmann.org\/david-docs-pdf\/Pub-pap\/DISSIDENCE%20AND%20CONFORMISM%20IN%20RELIGIOUS%20MOVEMENTS.pdf\"><img loading=\"lazy\" title=\"1354370195_PdfDwg S\" src=\"http:\/\/www.davidlehmann.org\/adlehmann\/wp-content\/uploads\/2012\/12\/1354370195_PdfDwg-S.png\" alt=\"\" width=\"30\" height=\"30\" \/><\/a><a href=\"http:\/\/www.davidlehmann.org\/david-docs-pdf\/Pub-pap\/DISSIDENCE%20AND%20CONFORMISM%20IN%20RELIGIOUS%20MOVEMENTS.pdf\" target=\"_blank\" rel=\"noopener\">Dissidence and Conformism in Religious Movements.pdf<br \/>\n<em>Concilium, 2003.<\/em><\/a><\/p>\n<p><a href=\"http:\/\/www.davidlehmann.org\/david-docs-pdf\/Pub-pap\/Political%20Theology%20paper%20on%20Secularism.pdf\"><img loading=\"lazy\" title=\"1354370195_PdfDwg S\" src=\"http:\/\/www.davidlehmann.org\/adlehmann\/wp-content\/uploads\/2012\/12\/1354370195_PdfDwg-S.png\" alt=\"\" width=\"30\" height=\"30\" \/><\/a><a href=\"http:\/\/www.davidlehmann.org\/david-docs-pdf\/Pub-pap\/Political%20Theology%20paper%20on%20Secularism.pdf\" target=\"_blank\" rel=\"noopener\">Religion and the public sphere. Political Theology, 2006<\/a><\/p>\n<p><a href=\"http:\/\/www.davidlehmann.org\/david-docs-pdf\/Pub-pap\/FEMALE-HEADED%20HOUSEHOLDS%20IN%20LATIN%20AMERICA%20AND%20THE%20%20CARIBBEAN.pdf\"><img loading=\"lazy\" title=\"1354370195_PdfDwg S\" src=\"http:\/\/www.davidlehmann.org\/adlehmann\/wp-content\/uploads\/2012\/12\/1354370195_PdfDwg-S.png\" alt=\"\" width=\"30\" height=\"30\" \/><\/a><a href=\"http:\/\/www.davidlehmann.org\/david-docs-pdf\/Pub-pap\/FEMALE-HEADED%20HOUSEHOLDS%20IN%20LATIN%20AMERICA%20AND%20THE%20%20CARIBBEAN.pdf\" target=\"_blank\" rel=\"noopener\">Female-Headed Households in Latin America and the Caribean.pdf<br \/>\n<em>Pour l\u2019Histoire du Br\u00e9sil: hommage \u00e0 Katia de Queir\u00f3s Mattoso, 2000.<\/em><\/a><\/p>\n<p><a href=\"http:\/\/www.davidlehmann.org\/david-docs-pdf\/Pub-pap\/Fundamentalism.pdf\"><img loading=\"lazy\" title=\"1354370195_PdfDwg S\" src=\"http:\/\/www.davidlehmann.org\/adlehmann\/wp-content\/uploads\/2012\/12\/1354370195_PdfDwg-S.png\" alt=\"\" width=\"30\" height=\"30\" \/><\/a><a href=\"http:\/\/www.davidlehmann.org\/david-docs-pdf\/Pub-pap\/Fundamentalism.pdf\" target=\"_blank\" rel=\"noopener\">Fundamentalism.pdf<\/a><\/p>\n<p><a href=\"http:\/\/www.davidlehmann.org\/david-docs-pdf\/Pub-pap\/FUNDAMENTALISM%20AND%20GLOBALISM%20.pdf\"><img loading=\"lazy\" title=\"1354370195_PdfDwg S\" src=\"http:\/\/www.davidlehmann.org\/adlehmann\/wp-content\/uploads\/2012\/12\/1354370195_PdfDwg-S.png\" alt=\"\" width=\"30\" height=\"30\" \/><\/a><a href=\"http:\/\/www.davidlehmann.org\/david-docs-pdf\/Pub-pap\/FUNDAMENTALISM%20AND%20GLOBALISM%20.pdf\" target=\"_blank\" rel=\"noopener\">Fundamentalism and Globalism.pdf<br \/>\n<em>Third World Quarterly, 1998<\/em><\/a><\/p>\n<p><a href=\"http:\/\/www.davidlehmann.org\/david-docs-pdf\/Pub-pap\/FUNDAMENTALISMO%20Y%20GLOBALISMO.pdf\"><img loading=\"lazy\" title=\"1354370195_PdfDwg S\" src=\"http:\/\/www.davidlehmann.org\/adlehmann\/wp-content\/uploads\/2012\/12\/1354370195_PdfDwg-S.png\" alt=\"\" width=\"30\" height=\"30\" \/><\/a><a href=\"http:\/\/www.davidlehmann.org\/david-docs-pdf\/Pub-pap\/FUNDAMENTALISMO%20Y%20GLOBALISMO.pdf\" target=\"_blank\" rel=\"noopener\">Fundamentalismo y Globalismo.pdf<br \/>\n<em>Pol\u00edtica, 2000.<\/em><\/a><\/p>\n<p><a href=\"http:\/\/www.davidlehmann.org\/david-docs-pdf\/Pub-pap\/Holy%20Pirates.pdf\"><img loading=\"lazy\" title=\"1354370195_PdfDwg S\" src=\"http:\/\/www.davidlehmann.org\/adlehmann\/wp-content\/uploads\/2012\/12\/1354370195_PdfDwg-S.png\" alt=\"\" width=\"30\" height=\"30\" \/><\/a><a href=\"http:\/\/www.davidlehmann.org\/david-docs-pdf\/Pub-pap\/Holy%20Pirates.pdf\" target=\"_blank\" rel=\"noopener\">Holy Pirates.pdf<br \/>\n<\/a><a href=\"http:\/\/www.davidlehmann.org\/david-docs-pdf\/Pub-pap\/Holy%20Pirates.pdf\" target=\"_blank\" rel=\"noopener\">Media, Ethnicity and Religious Renewal in Israel&#8217;,(written with Batia Siebzehner) in Birgit Meyer and Annelies Moors (eds.): Religion,\u00a0media and the public sphere, 2006<\/a><\/p>\n<p><a href=\"http:\/\/www.davidlehmann.org\/david-docs-pdf\/Pub-pap\/Religion%20and%20Globalization%20proofs.pdf\"><img loading=\"lazy\" title=\"1354370195_PdfDwg S\" src=\"http:\/\/www.davidlehmann.org\/adlehmann\/wp-content\/uploads\/2012\/12\/1354370195_PdfDwg-S.png\" alt=\"\" width=\"30\" height=\"30\" \/><\/a><a href=\"http:\/\/www.davidlehmann.org\/david-docs-pdf\/Pub-pap\/Religion%20and%20Globalization%20proofs.pdf\" target=\"_blank\" rel=\"noopener\">Religion and globalization&#8217;, in Religions in the Modern World:<em>\u00a0Traditions and Transformations, edited by Linda Woodhead, Hiroko Kawanami and Christopher Partridge. Routledge, 2009<\/em><\/a><\/p>\n<p><strong><a href=\"http:\/\/www.davidlehmann.org\/adlehmann\/wp-content\/uploads\/2018\/09\/Pew-Religia\u0303o-na-AL.pdf\"><img loading=\"lazy\" title=\"1354370195_PdfDwg S\" src=\"http:\/\/www.davidlehmann.org\/adlehmann\/wp-content\/uploads\/2012\/12\/1354370195_PdfDwg-S.png\" alt=\"\" width=\"30\" height=\"30\" \/><\/a><\/strong><a href=\"http:\/\/www.davidlehmann.org\/adlehmann\/wp-content\/uploads\/2018\/09\/Pew-Religia\u0303o-na-AL.pdf\" target=\"_blank\" rel=\"noopener\">Religion in contemporary Latin American social science.pdf<\/a>\u00a0<em>Bulletin of Latin American Research, 2002. (published in Spanish in the Revista Mexicana de Sociolog\u00eda, 2005). pdf<\/em><\/p>\n<div><\/div>\n<div><\/div>\n<div><\/div>\n<div><\/div>\n<div><\/div>\n","protected":false},"excerpt":{"rendered":"<p>In an interview with one of the most versatile of Latin Americanists, Luis Roniger of Wake Forest University,\u00a0David discusses multiculturalism and interculturalidad, and the questions of commitment and authenticity which arise in research and writing about these subjects. (from the Mid-Atlantic review of Latin American Studies &#8211; MARLAS) David Lehmann interview on Multiculturalism &nbsp; Click [&hellip;]<\/p>\n","protected":false},"author":1,"featured_media":0,"parent":0,"menu_order":0,"comment_status":"open","ping_status":"open","template":"","meta":[],"_links":{"self":[{"href":"http:\/\/www.davidlehmann.org\/adlehmann\/wp-json\/wp\/v2\/pages\/12"}],"collection":[{"href":"http:\/\/www.davidlehmann.org\/adlehmann\/wp-json\/wp\/v2\/pages"}],"about":[{"href":"http:\/\/www.davidlehmann.org\/adlehmann\/wp-json\/wp\/v2\/types\/page"}],"author":[{"embeddable":true,"href":"http:\/\/www.davidlehmann.org\/adlehmann\/wp-json\/wp\/v2\/users\/1"}],"replies":[{"embeddable":true,"href":"http:\/\/www.davidlehmann.org\/adlehmann\/wp-json\/wp\/v2\/comments?post=12"}],"version-history":[{"count":38,"href":"http:\/\/www.davidlehmann.org\/adlehmann\/wp-json\/wp\/v2\/pages\/12\/revisions"}],"predecessor-version":[{"id":541,"href":"http:\/\/www.davidlehmann.org\/adlehmann\/wp-json\/wp\/v2\/pages\/12\/revisions\/541"}],"wp:attachment":[{"href":"http:\/\/www.davidlehmann.org\/adlehmann\/wp-json\/wp\/v2\/media?parent=12"}],"curies":[{"name":"wp","href":"https:\/\/api.w.org\/{rel}","templated":true}]}}